{"id":408,"date":"2025-12-03T17:09:01","date_gmt":"2025-12-03T16:09:01","guid":{"rendered":"https:\/\/www.westaddicts.com\/?page_id=408"},"modified":"2025-12-29T12:37:33","modified_gmt":"2025-12-29T11:37:33","slug":"ajout-agendas-wcs-sur-calendrier-google-android","status":"publish","type":"page","link":"https:\/\/www.westaddicts.com\/?page_id=408","title":{"rendered":"Ajout Agendas WCS sur calendrier Google"},"content":{"rendered":"<p>Si vous avez des difficult\u00e9s pour ajouter les 2 agendas sur votre calendrier Google de votre t\u00e9l\u00e9phone Android ou Apple, voici la d\u00e9marche \u00e0 suivre :<\/p>\n<p>1) Dans un Navigateur Web sur une ordinateur, allez sur : <a href=\"https:\/\/www.westaddicts.com\/?page_id=236\">Agenda Nantes et environs<\/a><\/p>\n<p>2) Cliquez sur &#8220;Ajouter \u00e0 Google Agenda&#8221; en bas \u00e0 gauche du calendrier<\/p>\n\n\n<figure class=\"wp-block-image size-full\"><a href=\"http:\/\/www.westaddicts.com\/wp-content\/uploads\/2025\/12\/ajoutagenda1.png\"><img decoding=\"async\" loading=\"lazy\" width=\"359\" height=\"103\" src=\"http:\/\/www.westaddicts.com\/wp-content\/uploads\/2025\/12\/ajoutagenda1.png\" alt=\"\" class=\"wp-image-409\" srcset=\"https:\/\/www.westaddicts.com\/wp-content\/uploads\/2025\/12\/ajoutagenda1.png 359w, https:\/\/www.westaddicts.com\/wp-content\/uploads\/2025\/12\/ajoutagenda1-300x86.png 300w\" sizes=\"(max-width: 359px) 100vw, 359px\" \/><\/a><\/figure>\n\n\n<p>3) Ceci ouvre un autre onglet qui vous demande de vous connectez \u00e0 votre compte Google : connectez-vous avec le compte utilis\u00e9 sur votre t\u00e9l\u00e9phone mobile<\/p>\n<p>4) Cocher les 2 calendriers et cliquez sur &#8220;Add all&#8221;<\/p>\n\n\n<figure class=\"wp-block-image size-full\"><a href=\"http:\/\/www.westaddicts.com\/wp-content\/uploads\/2025\/12\/ajoutagenda2.png\"><img decoding=\"async\" loading=\"lazy\" width=\"283\" height=\"280\" src=\"http:\/\/www.westaddicts.com\/wp-content\/uploads\/2025\/12\/ajoutagenda2.png\" alt=\"\" class=\"wp-image-411\" srcset=\"https:\/\/www.westaddicts.com\/wp-content\/uploads\/2025\/12\/ajoutagenda2.png 283w, https:\/\/www.westaddicts.com\/wp-content\/uploads\/2025\/12\/ajoutagenda2-88x88.png 88w\" sizes=\"(max-width: 283px) 100vw, 283px\" \/><\/a><\/figure>\n\n\n<p>5) Sur votre t\u00e9l\u00e9phone mobile, ouvrez votre calendrier, allez dans les param\u00e8tres &#8220;ic\u00f4ne 3 traits horizontaux&#8221; et cochez les 2 calendriers &#8220;WCS Nantes&#8221; et &#8220;WCS R\u00e9gion&#8221;<\/p>\n<p>NB : Si les 2 calendriers n&#8217;apparaissent pas, allez dans le sous-menu param\u00e8tres &#8220;roue crant\u00e9e&#8221; et sous le compte Google, cliquez sur &#8220;Plus d&#8217;agendas&#8221;, puis cliquez sur chaque agenda et activez la synchronisation.<\/p>","protected":false},"excerpt":{"rendered":"<p>Si vous avez des difficult\u00e9s pour ajouter les 2 agendas sur votre calendrier Google de votre t\u00e9l\u00e9phone Android ou Apple, voici la d\u00e9marche \u00e0 suivre : 1) Dans un Navigateur Web sur une ordinateur, allez sur : Agenda Nantes et environs 2) Cliquez sur &#8220;Ajouter \u00e0 Google Agenda&#8221; en bas \u00e0 gauche du calendrier 3) [&hellip;]<\/p>\n","protected":false},"author":3,"featured_media":0,"parent":0,"menu_order":0,"comment_status":"closed","ping_status":"closed","template":"","meta":[],"_links":{"self":[{"href":"https:\/\/www.westaddicts.com\/index.php?rest_route=\/wp\/v2\/pages\/408"}],"collection":[{"href":"https:\/\/www.westaddicts.com\/index.php?rest_route=\/wp\/v2\/pages"}],"about":[{"href":"https:\/\/www.westaddicts.com\/index.php?rest_route=\/wp\/v2\/types\/page"}],"author":[{"embeddable":true,"href":"https:\/\/www.westaddicts.com\/index.php?rest_route=\/wp\/v2\/users\/3"}],"replies":[{"embeddable":true,"href":"https:\/\/www.westaddicts.com\/index.php?rest_route=%2Fwp%2Fv2%2Fcomments&post=408"}],"version-history":[{"count":11,"href":"https:\/\/www.westaddicts.com\/index.php?rest_route=\/wp\/v2\/pages\/408\/revisions"}],"predecessor-version":[{"id":438,"href":"https:\/\/www.westaddicts.com\/index.php?rest_route=\/wp\/v2\/pages\/408\/revisions\/438"}],"wp:attachment":[{"href":"https:\/\/www.westaddicts.com\/index.php?rest_route=%2Fwp%2Fv2%2Fmedia&parent=408"}],"curies":[{"name":"wp","href":"https:\/\/api.w.org\/{rel}","templated":true}]}}