{"id":293,"date":"2019-09-08T18:36:35","date_gmt":"2019-09-08T16:36:35","guid":{"rendered":"http:\/\/www.westaddicts.com\/?page_id=293"},"modified":"2024-09-07T15:26:38","modified_gmt":"2024-09-07T13:26:38","slug":"decouvrir","status":"publish","type":"page","link":"https:\/\/www.westaddicts.com\/?page_id=293","title":{"rendered":"D\u00e9couvrir"},"content":{"rendered":"<p>Le West Coast Swing est une danse de couple venant de la c\u00f4te ouest des Etats-Unis. Issu du swing dans les ann\u00e9es 50, elle a fortement \u00e9volu\u00e9 et se danse aujourd&#8217;hui sur plusieurs types de musiques, depuis le blues \u00e0 la pop-rock actuelle, en passant par le funck ou encore la kizomba.<\/p>\n<p>La communaut\u00e9 en France et \u00e0 l&#8217;\u00e9tranger est tr\u00e8s active, avec des cours dans toutes les grandes villes, et des stages de perfectionnement r\u00e9guliers le week-end.<\/p>\n<p>Les danseurs se retrouvent r\u00e9guli\u00e8rement lors d&#8217;apr\u00e8s-midi et de soir\u00e9es \u00e0 vocation sociales.<\/p>\n<p>Les plus mordus pourront eux participer \u00e0 des comp\u00e9titions officielles.<\/p>\n<h2>Vid\u00e9os<\/h2>\n<p>This is West Coast Swing (2015)\u00a0\u2013 <em>vid\u00e9o tourn\u00e9e \u00e0 Nantes et sa r\u00e9gion, r\u00e9alis\u00e9e par Maxence Gross\u00a0<\/em><\/p>\n<p><iframe loading=\"lazy\" src=\"https:\/\/www.youtube.com\/embed\/RWO_bFvs_8o\" width=\"1109\" height=\"624\" frameborder=\"0\" allowfullscreen=\"allowfullscreen\"><\/iframe><\/p>\n\n\n<p>Pr\u00e9sentation du Rally au mirroir d&#8217;eau \u00e0 Nantes<\/p>\n\n\n\n<figure class=\"wp-block-embed is-type-video is-provider-youtube wp-block-embed-youtube wp-embed-aspect-16-9 wp-has-aspect-ratio\"><div class=\"wp-block-embed__wrapper\">\n<iframe loading=\"lazy\" title=\"International Rally west coast swing Nantes 1\" width=\"629\" height=\"354\" src=\"https:\/\/www.youtube.com\/embed\/Hl63KOVi1BQ?feature=oembed\" frameborder=\"0\" allow=\"accelerometer; autoplay; clipboard-write; encrypted-media; gyroscope; picture-in-picture; web-share\" referrerpolicy=\"strict-origin-when-cross-origin\" allowfullscreen><\/iframe>\n<\/div><\/figure>\n","protected":false},"excerpt":{"rendered":"<p>Le West Coast Swing est une danse de couple venant de la c\u00f4te ouest des Etats-Unis. Issu du swing dans les ann\u00e9es 50, elle a fortement \u00e9volu\u00e9 et se danse aujourd&#8217;hui sur plusieurs types de musiques, depuis le blues \u00e0 la pop-rock actuelle, en passant par le funck ou encore la kizomba. La communaut\u00e9 en [&hellip;]<\/p>\n","protected":false},"author":3,"featured_media":0,"parent":0,"menu_order":0,"comment_status":"closed","ping_status":"closed","template":"","meta":[],"_links":{"self":[{"href":"https:\/\/www.westaddicts.com\/index.php?rest_route=\/wp\/v2\/pages\/293"}],"collection":[{"href":"https:\/\/www.westaddicts.com\/index.php?rest_route=\/wp\/v2\/pages"}],"about":[{"href":"https:\/\/www.westaddicts.com\/index.php?rest_route=\/wp\/v2\/types\/page"}],"author":[{"embeddable":true,"href":"https:\/\/www.westaddicts.com\/index.php?rest_route=\/wp\/v2\/users\/3"}],"replies":[{"embeddable":true,"href":"https:\/\/www.westaddicts.com\/index.php?rest_route=%2Fwp%2Fv2%2Fcomments&post=293"}],"version-history":[{"count":7,"href":"https:\/\/www.westaddicts.com\/index.php?rest_route=\/wp\/v2\/pages\/293\/revisions"}],"predecessor-version":[{"id":340,"href":"https:\/\/www.westaddicts.com\/index.php?rest_route=\/wp\/v2\/pages\/293\/revisions\/340"}],"wp:attachment":[{"href":"https:\/\/www.westaddicts.com\/index.php?rest_route=%2Fwp%2Fv2%2Fmedia&parent=293"}],"curies":[{"name":"wp","href":"https:\/\/api.w.org\/{rel}","templated":true}]}}