{"id":236,"date":"2019-09-01T00:19:17","date_gmt":"2019-08-31T22:19:17","guid":{"rendered":"http:\/\/www.westaddicts.com\/?page_id=236"},"modified":"2026-02-01T19:13:10","modified_gmt":"2026-02-01T18:13:10","slug":"agenda-nantais","status":"publish","type":"page","link":"https:\/\/www.westaddicts.com\/?page_id=236","title":{"rendered":"Agenda Nantes et environs"},"content":{"rendered":"\n<p><\/p>\n\n\n<p>Retrouvez toutes les soir\u00e9es \u00e0 Nantes et dans les environs (Cholet, Angers, Rennes) dans notre agenda :<\/p>\n<p><iframe loading=\"lazy\" style=\"border: solid 1px #777;\" src=\"https:\/\/calendar.google.com\/calendar\/embed?amp;height=600&amp;wkst=2&amp;ctz=Europe%2FParis&amp;showPrint=0&amp;&amp;hl=fr&amp;src=b2tzMWtudjU2bWhqMGMwaDFmdnVxdWQ5bG9AZ3JvdXAuY2FsZW5kYXIuZ29vZ2xlLmNvbQ&amp;src=MWEyZjQ0N2Y0MmVhOTljZGNlNDhiMWU3YzA5YjVkMzhjNzAzYzcwZGU1NjZiYzRlZGE0OTVmZWNlZWY1NDdjMEBncm91cC5jYWxlbmRhci5nb29nbGUuY29t&amp;color=%23f6bf26&amp;color=%238e24aa\" width=\"800\" height=\"900\" frameborder=\"0\" scrolling=\"no\"><\/iframe><\/p>\n<div style=\"text-align: center; font-size: small;\"><em>Orange : Nantes, Violet : R\u00e9gion<br>(i) d\u00e9bute par une initiation, (a) d\u00e9bute par un atelier, (s) soir\u00e9e inclue dans un stage<\/em><\/div>\n<p><\/p>\n<div style=\"text-align: center; font-size: small;\"><em><a href=\"https:\/\/www.westaddicts.com\/?page_id=408\" target=\"_blank\" rel=\"noopener\">Aide pour ajouter les agendas sur votre smartphone<\/a><\/em><\/div>\n<p><\/p>\n<ul>\n<li>Consultez \u00e9galement <a href=\"http:\/\/agendapourdanser.com\/agenda.htm\">l&#8217;Agenda pour danser<\/a> pour les soir\u00e9es toutes danses<\/li>\n<\/ul>\n<ul>\n<li style=\"list-style-type: none;\">\n<ul>\n<li>Consultez les sites des \u00e9coles :\n<ul>\n<li>Nantes et aglom\u00e9ration\n<ul>\n<li><a href=\"https:\/\/www.44dansestudio.com\/evenements\/\" target=\"new\" rel=\"noopener\">44 Dance Studio<\/a> &#8211; Nantes Sud<\/li>\n<li><a href=\"https:\/\/www.danseranantes.com\/agenda-soirees\/\" target=\"new\" rel=\"noopener\">Ecole de danse LEMOUROUX<\/a> &#8211; Ile de Nantes<\/li>\n<li><a href=\"https:\/\/connectandswing.fr\/agenda\/\" target=\"new\" rel=\"noopener\">Connect &amp; Swing<\/a> &#8211; Nantes Est<\/li>\n<li><a href=\"https:\/\/www.mydanceonwest.fr\/soirees\" target=\"new\" rel=\"noopener\">My dance on West<\/a> &#8211; Sainte Luce<\/li>\n<li><a href=\"https:\/\/atlanticdanse.com\/evenements_danse_nantes\/\" target=\"new\" rel=\"noopener\">Atlantic Dance Club<\/a> &#8211; Saint Herblain<\/li>\n<li><a href=\"http:\/\/nanteswest.free.fr\/EVENEMENTS%20NANTES%20WEST.htm\" target=\"new\" rel=\"noopener\">Nantes West<\/a> &#8211; Saint Herblain<\/li>\n<li><a href=\"https:\/\/www.la-west.fr\/\" target=\"new\" rel=\"noopener\">L.A. West<\/a> &#8211; Bouaye<\/li>\n<li><a href=\"https:\/\/alod.fr\/west-coast-swing\/\" target=\"new\" rel=\"noopener\">ALOD<\/a> &#8211; Rez\u00e9<\/li>\n<li><a href=\"https:\/\/dansalice.com\/cours-westcoastswing-nantes\/\" target=\"new\" rel=\"noopener\">Alice &amp; K\u00e9vin<\/a> &#8211; Le Bignon<\/li>\n<\/ul>\n<\/li>\n<li>Saint-Nazaire\n<ul>\n<li><a href=\"https:\/\/www.temposwingdanse.com\/\" target=\"new\" rel=\"noopener\">Tempo Swing<\/a><\/li>\n<\/ul>\n<\/li>\n<li>Angers\n<ul>\n<li><a href=\"https:\/\/justdance49.wixsite.com\/justdance49\" target=\"new\" rel=\"noopener\">Just Dance 49<\/a><\/li>\n<\/ul>\n<\/li>\n<li>Cholet\n<ul>\n<li><a href=\"https:\/\/www.tictacrock.fr\/stages-evenements\/\" target=\"new\" rel=\"noopener\">Tic Tac Rock<\/a><\/li>\n<\/ul>\n<\/li>\n<li>Rennes\n<ul>\n<li><a href=\"https:\/\/www.breizhcoastswing.fr\/les-activites-de-lassociation\/\" target=\"new\" rel=\"noopener\">Breizh Coast Swing<\/a><\/li>\n<\/ul>\n<\/li>\n<li>La Roche-sur-Yon\n<ul>\n<li><a href=\"https:\/\/ainsidanse85.fr\" target=\"new\" rel=\"noopener\">Ainsidanse 85<\/a><\/li>\n<li><a href=\"https:\/\/www.vibrationlatina.fr\" target=\"new\" rel=\"noopener\">Vibration Latina<\/a><\/li>\n<\/ul>\n<\/li>\n<li>Sables d\u2019Olonne\n<ul>\n<li><a href=\"https:\/\/seasalsnswing.fr\" target=\"new\" rel=\"noopener\">Sea Sals\u2019n Swing<\/a><\/li>\n<\/ul>\n<\/li>\n<\/ul>\n<\/li>\n<li>Consultez FaceBook :\n<ul>\n<li><a href=\"https:\/\/www.facebook.com\/groups\/1692915987696486\" target=\"new\" rel=\"noopener\">Groupe West Coast Swing Nantes<\/a><\/li>\n<li><a href=\"https:\/\/www.facebook.com\/groups\/159316024107245\" target=\"new\" rel=\"noopener\">Groupe West Coast Swing Rennes<\/a><\/li>\n<li><a href=\"https:\/\/www.facebook.com\/groups\/700700274318355\" target=\"new\" rel=\"noopener\">Groupe West Coast Swing Angers<\/a><\/li>\n<li><a href=\"https:\/\/www.facebook.com\/groups\/655209576256211\" target=\"new\" rel=\"noopener\">Groupe West Coast Swing Vend\u00e9e<\/a><\/li>\n<\/ul>\n<\/li>\n<\/ul>\n<\/li>\n<\/ul>\n\n\n<p><\/p>\n","protected":false},"excerpt":{"rendered":"<p>Retrouvez toutes les soir\u00e9es \u00e0 Nantes et dans les environs (Cholet, Angers, Rennes) dans notre agenda : Orange : Nantes, Violet : R\u00e9gion(i) d\u00e9bute par une initiation, (a) d\u00e9bute par un atelier, (s) soir\u00e9e inclue dans un stage Aide pour ajouter les agendas sur votre smartphone Consultez \u00e9galement l&#8217;Agenda pour danser pour les soir\u00e9es toutes [&hellip;]<\/p>\n","protected":false},"author":3,"featured_media":0,"parent":0,"menu_order":0,"comment_status":"closed","ping_status":"closed","template":"","meta":[],"_links":{"self":[{"href":"https:\/\/www.westaddicts.com\/index.php?rest_route=\/wp\/v2\/pages\/236"}],"collection":[{"href":"https:\/\/www.westaddicts.com\/index.php?rest_route=\/wp\/v2\/pages"}],"about":[{"href":"https:\/\/www.westaddicts.com\/index.php?rest_route=\/wp\/v2\/types\/page"}],"author":[{"embeddable":true,"href":"https:\/\/www.westaddicts.com\/index.php?rest_route=\/wp\/v2\/users\/3"}],"replies":[{"embeddable":true,"href":"https:\/\/www.westaddicts.com\/index.php?rest_route=%2Fwp%2Fv2%2Fcomments&post=236"}],"version-history":[{"count":54,"href":"https:\/\/www.westaddicts.com\/index.php?rest_route=\/wp\/v2\/pages\/236\/revisions"}],"predecessor-version":[{"id":443,"href":"https:\/\/www.westaddicts.com\/index.php?rest_route=\/wp\/v2\/pages\/236\/revisions\/443"}],"wp:attachment":[{"href":"https:\/\/www.westaddicts.com\/index.php?rest_route=%2Fwp%2Fv2%2Fmedia&parent=236"}],"curies":[{"name":"wp","href":"https:\/\/api.w.org\/{rel}","templated":true}]}}