{"id":12,"date":"2016-11-20T19:50:18","date_gmt":"2016-11-20T18:50:18","guid":{"rendered":"http:\/\/moristock.synology.me\/wordpress\/westaddicts\/?page_id=12"},"modified":"2019-09-08T17:49:44","modified_gmt":"2019-09-08T15:49:44","slug":"reglement-interieur","status":"publish","type":"page","link":"https:\/\/www.westaddicts.com\/?page_id=12","title":{"rendered":"R\u00e9glement int\u00e9rieur"},"content":{"rendered":"<p style=\"text-align: center;\"><strong>R\u00e9glement int\u00e9rieur de l&#8217;association WEST ADDICTS<\/strong><\/p>\n<p style=\"text-align: center;\"><strong>Adopt\u00e9 par les membres du conseil d&#8217;administration<\/strong><\/p>\n<p>&nbsp;<\/p>\n<p>Nantes, Novembre 2016<\/p>\n<p><strong>Article 1 &#8211; Agr\u00e9ment des nouveaux membres<\/strong><\/p>\n<p>Les personnes d\u00e9sirant adh\u00e9rer doivent cotiser d&#8221;un montant de 12\u20ac par an.<\/p>\n<p><strong>Article 2 &#8211; D\u00e9mission &#8211; Exclusion &#8211; D\u00e9c\u00e8s d&#8217;un membre<\/strong><\/p>\n<ul>\n<li>La d\u00e9mission doit \u00eatre adress\u00e9e au pr\u00e9sident du conseil par lettre recommand\u00e9e. Elle n&#8217;a pas \u00e0 \u00eatre motiv\u00e9e par le membre d\u00e9missionnaire.<\/li>\n<li>Comme indiqu\u00e9 \u00e0 l&#8217;article 8 des statuts, l&#8217;exclusion d&#8217;un membre peut \u00eatre prononc\u00e9e par le conseil<em>.<\/em><\/li>\n<li>En cas de d\u00e9c\u00e8s d&#8217;un membre, les h\u00e9ritiers ou les l\u00e9gataires ne peuvent pr\u00e9tendre \u00e0\u00a0 un quelconque maintien dans l&#8217;association.<\/li>\n<\/ul>\n<p>La cotisation vers\u00e9e \u00e0\u00a0 l&#8217;association est d\u00e9finitivement acquise, m\u00eame cas en cas de d\u00e9mission, d&#8217;exclusion, ou de d\u00e9c\u00e8s d&#8217;un membre en cours d&#8217;ann\u00e9e.<\/p>\n<p><strong>Article 3 &#8211; Participation aux \u00e9v\u00e9nements<\/strong><\/p>\n<p>Les personnes d\u00e9sirant participer \u00e0\u00a0 un \u00e9v\u00e9nement propos\u00e9 par l&#8217;association doivent :<\/p>\n<ul>\n<li>S&#8217;acquitter pour les pratiques, d&#8217;un droit d&#8217;entr\u00e9e de 3\u20ac pour les adh\u00e9rents et de 4\u20ac pour les non adh\u00e9rents<\/li>\n<li>Etre prot\u00e9g\u00e9 par un contrat de protection civil personnel<\/li>\n<li>Respecter les lieux et les autres participants<\/li>\n<\/ul>\n<p>L&#8217;association ne sera tenue pour responsable en cas d&#8217;accidents d\u00fbs \u00e0\u00a0 la pratique d&#8217;un sport de loisir.<\/p>\n<p><strong>Article 4 &#8211; Assembl\u00e9es g\u00e9n\u00e9rales &#8211; Modalit\u00e9s applicables aux votes<\/strong><\/p>\n<ul>\n<li>Votes des membres pr\u00e9sents<\/li>\n<\/ul>\n<p>Les membres pr\u00e9sents votent \u00e0 main lev\u00e9e. Toutefois, un scrutin secret peut \u00eatre demand\u00e9 par le conseil.<\/p>\n<ul>\n<li>Votes par procuration<\/li>\n<\/ul>\n<p>Comme indiqu\u00e9 \u00e0\u00a0 l&#8217;article 11 des statuts, si un membre de l&#8217;association ne peut assister personnellement \u00e0 une assembl\u00e9e, il peut s&#8217;y faire repr\u00e9senter par un mandataire dans les conditions indiqu\u00e9es audit article.<\/p>\n<p><strong>Article 5 &#8211; Indemnit\u00e9s de remboursement<\/strong><\/p>\n<p>Seuls les administrateurs <em>et\/ou<\/em> membres \u00e9lus du bureau, peuvent pr\u00e9tendre au remboursement des frais engag\u00e9s dans le cadre de leurs fonctions et sur justifications et vote du conseil d&#8217;administration.<\/p>\n<p><strong>Article 6 &#8211; Modification du r\u00e9glement int\u00e9rieur<\/strong><\/p>\n<p>Le pr\u00e9sent r\u00e8glement int\u00e9rieur pourra \u00eatre modifi\u00e9 par le conseil ou par l&#8217;assembl\u00e9e g\u00e9n\u00e9rale ordinaire \u00e0\u00a0 la majorit\u00e9 des membres.<\/p>\n","protected":false},"excerpt":{"rendered":"<p>R\u00e9glement int\u00e9rieur de l&#8217;association WEST ADDICTS Adopt\u00e9 par les membres du conseil d&#8217;administration &nbsp; Nantes, Novembre 2016 Article 1 &#8211; Agr\u00e9ment des nouveaux membres Les personnes d\u00e9sirant adh\u00e9rer doivent cotiser d&#8221;un montant de 12\u20ac par an. Article 2 &#8211; D\u00e9mission &#8211; Exclusion &#8211; D\u00e9c\u00e8s d&#8217;un membre La d\u00e9mission doit \u00eatre adress\u00e9e au pr\u00e9sident du conseil [&hellip;]<\/p>\n","protected":false},"author":1,"featured_media":0,"parent":0,"menu_order":0,"comment_status":"closed","ping_status":"closed","template":"","meta":[],"_links":{"self":[{"href":"https:\/\/www.westaddicts.com\/index.php?rest_route=\/wp\/v2\/pages\/12"}],"collection":[{"href":"https:\/\/www.westaddicts.com\/index.php?rest_route=\/wp\/v2\/pages"}],"about":[{"href":"https:\/\/www.westaddicts.com\/index.php?rest_route=\/wp\/v2\/types\/page"}],"author":[{"embeddable":true,"href":"https:\/\/www.westaddicts.com\/index.php?rest_route=\/wp\/v2\/users\/1"}],"replies":[{"embeddable":true,"href":"https:\/\/www.westaddicts.com\/index.php?rest_route=%2Fwp%2Fv2%2Fcomments&post=12"}],"version-history":[{"count":4,"href":"https:\/\/www.westaddicts.com\/index.php?rest_route=\/wp\/v2\/pages\/12\/revisions"}],"predecessor-version":[{"id":283,"href":"https:\/\/www.westaddicts.com\/index.php?rest_route=\/wp\/v2\/pages\/12\/revisions\/283"}],"wp:attachment":[{"href":"https:\/\/www.westaddicts.com\/index.php?rest_route=%2Fwp%2Fv2%2Fmedia&parent=12"}],"curies":[{"name":"wp","href":"https:\/\/api.w.org\/{rel}","templated":true}]}}